{"id":298,"date":"2017-12-04T06:40:51","date_gmt":"2017-12-04T06:40:51","guid":{"rendered":"http:\/\/machnet.com.pl\/?page_id=298"},"modified":"2019-06-12T09:11:41","modified_gmt":"2019-06-12T09:11:41","slug":"automatyka","status":"publish","type":"page","link":"http:\/\/machnet.com.pl\/?page_id=298","title":{"rendered":"Automatyka"},"content":{"rendered":"<p><span style=\"font-family: comic sans ms,sans-serif; color: #000080;\">\u00a0\u00a0\u00a0\u00a0\u00a0 Jeste\u015bmy oficjalnym dystrybutorem sprawdzonych, niezawodnych , w\u0142oskich automat\u00f3w Roger. Montujemy do bram dwuskrzyd\u0142owych i przesuwnych. Instalujemy domofony i elektrozaczepy do furtek.<\/span><\/p>\n<p><span style=\"font-family: comic sans ms,sans-serif; color: #000000;\"><strong>Do bram przesuwnych: magnetyczne wy\u0142\u0105czniki kra\u0144cowe-brak problem\u00f3w w zimie, trwa\u0142a przek\u0142adnia z br\u0105zu, \u0142atwa w u\u017cyciu centralka z inteligentnym wy\u015bwietlaczem.<\/strong><\/span><\/p>\n<p>&nbsp;<\/p>\n<ul>\n<li><strong><span style=\"font-family: comic sans ms,sans-serif;\">\u00a0Roger H30 (otwiera bram\u0119 4m. w <span class=\"skimlinks-unlinked\">ok.20<\/span> sekund)\u00a0<a href=\"http:\/\/machnet.com.pl\/wp-content\/uploads\/2019\/06\/20190611_094739_resized-1.jpg\"><img loading=\"lazy\" decoding=\"async\" src=\"http:\/\/machnet.com.pl\/wp-content\/uploads\/2019\/06\/20190611_094739_resized-1-150x150.jpg\" alt=\"\" width=\"135\" height=\"135\" class=\"wp-image-467 aligncenter\" srcset=\"http:\/\/machnet.com.pl\/wp-content\/uploads\/2019\/06\/20190611_094739_resized-1-150x150.jpg 150w, http:\/\/machnet.com.pl\/wp-content\/uploads\/2019\/06\/20190611_094739_resized-1-500x500.jpg 500w, http:\/\/machnet.com.pl\/wp-content\/uploads\/2019\/06\/20190611_094739_resized-1-400x400.jpg 400w\" sizes=\"auto, (max-width: 135px) 100vw, 135px\" \/><\/a><a href=\"http:\/\/machnet.com.pl\/wp-content\/uploads\/2019\/06\/20190611_094704_resized-1.jpg\"><img loading=\"lazy\" decoding=\"async\" src=\"http:\/\/machnet.com.pl\/wp-content\/uploads\/2019\/06\/20190611_094704_resized-1-150x150.jpg\" alt=\"\" width=\"150\" height=\"150\" class=\"size-thumbnail wp-image-466 aligncenter\" srcset=\"http:\/\/machnet.com.pl\/wp-content\/uploads\/2019\/06\/20190611_094704_resized-1-150x150.jpg 150w, http:\/\/machnet.com.pl\/wp-content\/uploads\/2019\/06\/20190611_094704_resized-1-500x500.jpg 500w, http:\/\/machnet.com.pl\/wp-content\/uploads\/2019\/06\/20190611_094704_resized-1-400x400.jpg 400w\" sizes=\"auto, (max-width: 150px) 100vw, 150px\" \/><\/a><\/span><\/strong><\/li>\n<li style=\"text-align: right;\"><strong><span style=\"font-family: comic sans ms,sans-serif;\">Roger BM30 High Speed (otwiera bram\u0119 4m. w ok. 7 sekund) \u2013 \u00a0 \u00a0 \u00a0 \u00a0 \u00a0 \u00a0 \u00a0 \u00a0 \u00a0 \u00a0 \u00a0 \u00a0 \u00a0\u00a0<\/span><\/strong><span><\/span><\/li>\n<\/ul>\n<p><span style=\"font-family: comic sans ms,sans-serif;\"><strong> <\/strong><span style=\"font-size: 12pt; color: #000000;\"><strong>Do bram dwuskrzyd\u0142owych: wbudowane ograniczniki na zamykanie i otwieranie, trwa\u0142e silniki bezszczotkowe, \u0142atwa w u\u017cyciu ,inteligentna centralka z wy\u015bwietlaczem\u00a0<\/strong><\/span><\/span><\/p>\n<ul>\n<li><span style=\"font-family: comic sans ms,sans-serif;\"><strong>Roger BE20\u00a0<\/strong><\/span><\/li>\n<\/ul>\n<p><span><a href=\"http:\/\/machnet.com.pl\/wp-content\/uploads\/2019\/06\/20190612_105814_resized.jpg\"><img loading=\"lazy\" decoding=\"async\" src=\"http:\/\/machnet.com.pl\/wp-content\/uploads\/2019\/06\/20190612_105814_resized-150x150.jpg\" alt=\"\" width=\"150\" height=\"150\" class=\"size-thumbnail wp-image-470 aligncenter\" srcset=\"http:\/\/machnet.com.pl\/wp-content\/uploads\/2019\/06\/20190612_105814_resized-150x150.jpg 150w, http:\/\/machnet.com.pl\/wp-content\/uploads\/2019\/06\/20190612_105814_resized-500x500.jpg 500w, http:\/\/machnet.com.pl\/wp-content\/uploads\/2019\/06\/20190612_105814_resized-400x400.jpg 400w\" sizes=\"auto, (max-width: 150px) 100vw, 150px\" \/><\/a><\/span><\/p>\n","protected":false},"excerpt":{"rendered":"<p>\u00a0\u00a0\u00a0\u00a0\u00a0 Jeste\u015bmy oficjalnym dystrybutorem sprawdzonych, niezawodnych , w\u0142oskich automat\u00f3w Roger. Montujemy do bram dwuskrzyd\u0142owych i przesuwnych. Instalujemy domofony i elektrozaczepy do furtek. Do bram przesuwnych: magnetyczne wy\u0142\u0105czniki kra\u0144cowe-brak problem\u00f3w w zimie, trwa\u0142a przek\u0142adnia z br\u0105zu,<a class=\"moretag\" href=\"http:\/\/machnet.com.pl\/?page_id=298\"> Czytaj wi\u0119cej&hellip;<\/a><\/p>\n","protected":false},"author":1,"featured_media":0,"parent":0,"menu_order":3,"comment_status":"closed","ping_status":"closed","template":"page-templates\/template-fullwidth.php","meta":{"footnotes":""},"class_list":["post-298","page","type-page","status-publish","hentry"],"_links":{"self":[{"href":"http:\/\/machnet.com.pl\/index.php?rest_route=\/wp\/v2\/pages\/298","targetHints":{"allow":["GET"]}}],"collection":[{"href":"http:\/\/machnet.com.pl\/index.php?rest_route=\/wp\/v2\/pages"}],"about":[{"href":"http:\/\/machnet.com.pl\/index.php?rest_route=\/wp\/v2\/types\/page"}],"author":[{"embeddable":true,"href":"http:\/\/machnet.com.pl\/index.php?rest_route=\/wp\/v2\/users\/1"}],"replies":[{"embeddable":true,"href":"http:\/\/machnet.com.pl\/index.php?rest_route=%2Fwp%2Fv2%2Fcomments&post=298"}],"version-history":[{"count":9,"href":"http:\/\/machnet.com.pl\/index.php?rest_route=\/wp\/v2\/pages\/298\/revisions"}],"predecessor-version":[{"id":471,"href":"http:\/\/machnet.com.pl\/index.php?rest_route=\/wp\/v2\/pages\/298\/revisions\/471"}],"wp:attachment":[{"href":"http:\/\/machnet.com.pl\/index.php?rest_route=%2Fwp%2Fv2%2Fmedia&parent=298"}],"curies":[{"name":"wp","href":"https:\/\/api.w.org\/{rel}","templated":true}]}}