{"id":225,"date":"2017-11-29T16:17:52","date_gmt":"2017-11-29T16:17:52","guid":{"rendered":"http:\/\/machnet.com.pl\/?page_id=225"},"modified":"2019-11-12T09:11:44","modified_gmt":"2019-11-12T09:11:44","slug":"o-nas","status":"publish","type":"page","link":"http:\/\/machnet.com.pl\/?page_id=225","title":{"rendered":"Kontakt"},"content":{"rendered":"<div id=\"panel-34-0-0-0\" class=\"so-panel widget widget_sow-editor panel-first-child\" data-index=\"0\">\n<div class=\"so-widget-sow-editor so-widget-sow-editor-base\">\n<div class=\"siteorigin-widget-tinymce textwidget\">\n<p style=\"text-align: right;\"><strong><span>Machnet Tomasz Machnik<\/span><\/strong> Podkarpacka 5A 38-400 Krosno NIP: 684-201-87-07 <a href=\"http:\/\/machnet.com.pl\/wp-content\/uploads\/2017\/11\/IMGP5946.jpg\"><img loading=\"lazy\" decoding=\"async\" src=\"http:\/\/machnet.com.pl\/wp-content\/uploads\/2017\/11\/IMGP5946-300x201.jpg\" alt=\"\" class=\"alignright wp-image-55 size-medium\" srcset=\"http:\/\/machnet.com.pl\/wp-content\/uploads\/2017\/11\/IMGP5946-300x201.jpg 300w, http:\/\/machnet.com.pl\/wp-content\/uploads\/2017\/11\/IMGP5946-768x514.jpg 768w, http:\/\/machnet.com.pl\/wp-content\/uploads\/2017\/11\/IMGP5946-1024x685.jpg 1024w, http:\/\/machnet.com.pl\/wp-content\/uploads\/2017\/11\/IMGP5946-360x240.jpg 360w, http:\/\/machnet.com.pl\/wp-content\/uploads\/2017\/11\/IMGP5946-272x182.jpg 272w\" sizes=\"auto, (max-width: 300px) 100vw, 300px\" height=\"201\" width=\"300\" \/><\/a><br \/>\n<strong><\/strong><strong>Nr konta mBank:<\/strong> 93 1140 2017 0000 4402 0880 9388<br \/>\n<a target=\"_blank\" href=\"http:\/\/gmail.com\" rel=\"noopener\">e-mail: machnet@onet.eu<\/a> \u00a0 \u00a0 \u00a0 \u00a0 \u00a0 \u00a0\u00a0<span> <strong>tel. 693 811 295<\/strong><\/span><br \/>\n<span style=\"font-size: 12pt; font-family: comic sans ms,sans-serif;\">Szybko obliczymy materia\u0142y potrzebne na Twoje ogrodzenie, dowozimy kompletny zestaw materia\u0142\u00f3w na miejsce. Wsp\u00f3\u0142pracujemy te\u017c z wykonawcami ogrodze\u0144 , kt\u00f3rzy przyjad\u0105 na miejsce, wyceni\u0105 i wykonaj\u0105. \u00a0Zapraszamy .<\/span><span style=\"font-family: comic sans ms,sans-serif;\">\u00a0\u00a0<\/span><\/p>\n<p style=\"text-align: right;\"><span style=\"font-family: comic sans ms,sans-serif;\"><span style=\"color: #000000;\"><strong>Formularz kontaktowy:<\/strong><\/span> \u00a0\u00a0\u00a0\u00a0\u00a0\u00a0\u00a0\u00a0\u00a0\u00a0\u00a0\u00a0\u00a0\u00a0\u00a0\u00a0\u00a0\u00a0\u00a0\u00a0\u00a0\u00a0\u00a0\u00a0\u00a0\u00a0\u00a0\u00a0\u00a0\u00a0\u00a0\u00a0\u00a0\u00a0\u00a0\u00a0\u00a0\u00a0\u00a0\u00a0\u00a0\u00a0\u00a0\u00a0 <div role=\"form\" class=\"wpcf7\" id=\"wpcf7-f282-o1\" lang=\"pl-PL\" dir=\"ltr\">\n<div class=\"screen-reader-response\"><p role=\"status\" aria-live=\"polite\" aria-atomic=\"true\"><\/p> <ul><\/ul><\/div>\n<form action=\"\/index.php?rest_route=%2Fwp%2Fv2%2Fpages%2F225#wpcf7-f282-o1\" method=\"post\" class=\"wpcf7-form init\" novalidate=\"novalidate\" data-status=\"init\">\n<div style=\"display: none;\">\n<input type=\"hidden\" name=\"_wpcf7\" value=\"282\" \/>\n<input type=\"hidden\" name=\"_wpcf7_version\" value=\"5.5.6\" \/>\n<input type=\"hidden\" name=\"_wpcf7_locale\" value=\"pl_PL\" \/>\n<input type=\"hidden\" name=\"_wpcf7_unit_tag\" value=\"wpcf7-f282-o1\" \/>\n<input type=\"hidden\" name=\"_wpcf7_container_post\" value=\"0\" \/>\n<input type=\"hidden\" name=\"_wpcf7_posted_data_hash\" value=\"\" \/>\n<\/div>\n<p><label> Imi\u0119 i nazwisko (wymagane)<br \/>\n    <span class=\"wpcf7-form-control-wrap your-name\"><input type=\"text\" name=\"your-name\" value=\"\" size=\"40\" class=\"wpcf7-form-control wpcf7-text wpcf7-validates-as-required\" aria-required=\"true\" aria-invalid=\"false\" \/><\/span> <\/label><\/p>\n<p><label> Adres email (wymagane)<br \/>\n    <span class=\"wpcf7-form-control-wrap your-email\"><input type=\"email\" name=\"your-email\" value=\"\" size=\"40\" class=\"wpcf7-form-control wpcf7-text wpcf7-email wpcf7-validates-as-required wpcf7-validates-as-email\" aria-required=\"true\" aria-invalid=\"false\" \/><\/span> <\/label><\/p>\n<p><label> Temat<br \/>\n    <span class=\"wpcf7-form-control-wrap your-subject\"><input type=\"text\" name=\"your-subject\" value=\"\" size=\"40\" class=\"wpcf7-form-control wpcf7-text\" aria-invalid=\"false\" \/><\/span> <\/label><\/p>\n<p><label> Tre\u015b\u0107 wiadomo\u015bci<br \/>\n    <span class=\"wpcf7-form-control-wrap your-message\"><textarea name=\"your-message\" cols=\"40\" rows=\"10\" class=\"wpcf7-form-control wpcf7-textarea\" aria-invalid=\"false\"><\/textarea><\/span> <\/label><\/p>\n<p><input type=\"submit\" value=\"Wy\u015blij\" class=\"wpcf7-form-control has-spinner wpcf7-submit\" \/><\/p>\n<p style=\"display: none !important;\"><label>&#916;<textarea name=\"_wpcf7_ak_hp_textarea\" cols=\"45\" rows=\"8\" maxlength=\"100\"><\/textarea><\/label><input type=\"hidden\" id=\"ak_js_1\" name=\"_wpcf7_ak_js\" value=\"201\"\/><script>document.getElementById( \"ak_js_1\" ).setAttribute( \"value\", ( new Date() ).getTime() );<\/script><\/p><div class=\"wpcf7-response-output\" aria-hidden=\"true\"><\/div><\/form><\/div><br \/>\n<\/span><\/p>\n<p><iframe loading=\"lazy\" width=\"400\" height=\"300\" style=\"border: 0;\" src=\"https:\/\/www.google.com\/maps\/embed?pb=!1m18!1m12!1m3!1d2581.179903437457!2d21.741419215367326!3d49.68858487937751!2m3!1f0!2f0!3f0!3m2!1i1024!2i768!4f13.1!3m3!1m2!1s0x473c48cefac1561d%3A0xbec24e11ba702e40!2sPodkarpacka+5A%2C+Krosno!5e0!3m2!1spl!2spl!4v1512039717447\" frameborder=\"0\" allowfullscreen=\"allowfullscreen\"><\/iframe><span><div id=\"metaslider-id-291\" style=\"max-width: 450px;\" class=\"ml-slider-3-27-0 metaslider metaslider-flex metaslider-291 ml-slider\">\n    <div id=\"metaslider_container_291\">\n        <div id=\"metaslider_291\">\n            <ul aria-live=\"polite\" class=\"slides\">\n                <li style=\"display: block; width: 100%;\" class=\"slide-294 ms-image\"><img loading=\"lazy\" decoding=\"async\" src=\"http:\/\/machnet.com.pl\/wp-content\/uploads\/2017\/12\/cropped-logo_machnet_kolor.jpg\" height=\"147\" width=\"450\" alt=\"\" class=\"slider-291 slide-294\" \/><\/li>\n                <li style=\"display: none; width: 100%;\" class=\"slide-295 ms-image\"><img loading=\"lazy\" decoding=\"async\" src=\"http:\/\/machnet.com.pl\/wp-content\/uploads\/2017\/12\/cropped-cropped-logo-machnet.jpg\" height=\"147\" width=\"450\" alt=\"\" class=\"slider-291 slide-295\" \/><\/li>\n            <\/ul>\n        <\/div>\n        \n    <\/div>\n<\/div><\/span><\/p>\n<p><a href=\"http:\/\/www.ogrodzeniakrosno.indeksfirm.pl\/\">http:\/\/www.ogrodzeniakrosno.indeksfirm.pl\/<\/a><\/p>\n<\/div>\n<\/div>\n<\/div>\n","protected":false},"excerpt":{"rendered":"<p>Machnet Tomasz Machnik Podkarpacka 5A 38-400 Krosno NIP: 684-201-87-07 Nr konta mBank: 93 1140 2017 0000 4402 0880 9388 e-mail: machnet@onet.eu \u00a0 \u00a0 \u00a0 \u00a0 \u00a0 \u00a0\u00a0 tel. 693 811 295 Szybko obliczymy materia\u0142y potrzebne<a class=\"moretag\" href=\"http:\/\/machnet.com.pl\/?page_id=225\"> Czytaj wi\u0119cej&hellip;<\/a><\/p>\n","protected":false},"author":1,"featured_media":0,"parent":0,"menu_order":7,"comment_status":"closed","ping_status":"closed","template":"page-templates\/template-fullwidth.php","meta":{"footnotes":""},"class_list":["post-225","page","type-page","status-publish","hentry"],"_links":{"self":[{"href":"http:\/\/machnet.com.pl\/index.php?rest_route=\/wp\/v2\/pages\/225","targetHints":{"allow":["GET"]}}],"collection":[{"href":"http:\/\/machnet.com.pl\/index.php?rest_route=\/wp\/v2\/pages"}],"about":[{"href":"http:\/\/machnet.com.pl\/index.php?rest_route=\/wp\/v2\/types\/page"}],"author":[{"embeddable":true,"href":"http:\/\/machnet.com.pl\/index.php?rest_route=\/wp\/v2\/users\/1"}],"replies":[{"embeddable":true,"href":"http:\/\/machnet.com.pl\/index.php?rest_route=%2Fwp%2Fv2%2Fcomments&post=225"}],"version-history":[{"count":19,"href":"http:\/\/machnet.com.pl\/index.php?rest_route=\/wp\/v2\/pages\/225\/revisions"}],"predecessor-version":[{"id":473,"href":"http:\/\/machnet.com.pl\/index.php?rest_route=\/wp\/v2\/pages\/225\/revisions\/473"}],"wp:attachment":[{"href":"http:\/\/machnet.com.pl\/index.php?rest_route=%2Fwp%2Fv2%2Fmedia&parent=225"}],"curies":[{"name":"wp","href":"https:\/\/api.w.org\/{rel}","templated":true}]}}