{"id":101,"date":"2017-11-28T15:30:53","date_gmt":"2017-11-28T15:30:53","guid":{"rendered":"http:\/\/machnet.com.pl\/?page_id=101"},"modified":"2018-08-24T08:14:15","modified_gmt":"2018-08-24T08:14:15","slug":"wyroby-betonowe","status":"publish","type":"page","link":"http:\/\/machnet.com.pl\/?page_id=101","title":{"rendered":"Wyroby Betonowe"},"content":{"rendered":"<p><span style=\"font-family: comic sans ms,sans-serif; font-size: 12pt;\"><strong>Oferujemy gotowe murki i pustaki do siatki i paneli. Osiowo\u015b\u0107 s\u0142upk\u00f3w siatkowych \u2013 258cm(+-1cm) dla murka 2,50m, Osiowo\u015b\u0107 s\u0142upk\u00f3w panelowych dla murka 2,40m \u2013 257cm (+-1cm). Zapewniamy transport kompletu materia\u0142\u00f3w.<div id=\"metaslider-id-335\" style=\"max-width: 450px;\" class=\"ml-slider-3-27-0 metaslider metaslider-flex metaslider-335 ml-slider\">\n    <div id=\"metaslider_container_335\">\n        <div id=\"metaslider_335\">\n            <ul aria-live=\"polite\" class=\"slides\">\n                <li style=\"display: block; width: 100%;\" class=\"slide-337 ms-image\"><img loading=\"lazy\" decoding=\"async\" src=\"http:\/\/machnet.com.pl\/wp-content\/uploads\/2017\/12\/IMGP5938-e1512385986439-450x247.jpg\" height=\"247\" width=\"450\" alt=\"\" class=\"slider-335 slide-337\" \/><\/li>\n                <li style=\"display: none; width: 100%;\" class=\"slide-340 ms-image\"><img loading=\"lazy\" decoding=\"async\" src=\"http:\/\/machnet.com.pl\/wp-content\/uploads\/2017\/11\/IMG_20171107_142949-e1512386179124-450x247.jpg\" height=\"247\" width=\"450\" alt=\"\" class=\"slider-335 slide-340\" \/><\/li>\n                <li style=\"display: none; width: 100%;\" class=\"slide-341 ms-image\"><img loading=\"lazy\" decoding=\"async\" src=\"http:\/\/machnet.com.pl\/wp-content\/uploads\/2017\/12\/img_20171103_124042-450x247.jpg\" height=\"247\" width=\"450\" alt=\"\" class=\"slider-335 slide-341\" \/><\/li>\n                <li style=\"display: none; width: 100%;\" class=\"slide-437 ms-image\"><img loading=\"lazy\" decoding=\"async\" src=\"http:\/\/machnet.com.pl\/wp-content\/uploads\/2017\/12\/IMGP5937-450x247.jpg\" height=\"247\" width=\"450\" alt=\"\" class=\"slider-335 slide-437\" \/><\/li>\n            <\/ul>\n        <\/div>\n        \n    <\/div>\n<\/div><\/strong><\/span><\/p>\n<div class=\"tiled-gallery type-rectangular\" data-original-width=\"685\" data-carousel-extra=\"{&quot;blog_id&quot;:137842595,&quot;permalink&quot;:&quot;https:\\\/\\\/tomekmachnet.wordpress.com\\\/wyroby-betonowe\\\/&quot;,&quot;likes_blog_id&quot;:137842595}\">\n<div class=\"gallery-row\" data-original-width=\"685\" data-original-height=\"344\">\n<div class=\"gallery-group images-1\" data-original-width=\"457\" data-original-height=\"344\">\n<div class=\"tiled-gallery-item tiled-gallery-item-large\" itemprop=\"associatedMedia\" itemscope=\"\" itemtype=\"http:\/\/schema.org\/ImageObject\"><\/div>\n<\/div>\n<div class=\"gallery-group images-2\" data-original-width=\"228\" data-original-height=\"344\">\n<div class=\"tiled-gallery-item tiled-gallery-item-small\" itemprop=\"associatedMedia\" itemscope=\"\" itemtype=\"http:\/\/schema.org\/ImageObject\">\n<p><a href=\"https:\/\/tomekmachnet.wordpress.com\/wyroby-betonowe\/img_20171107_142949\/\" border=\"0\" itemprop=\"url\"> <\/a><\/p>\n<ul>\n<li style=\"text-align: center;\"><strong><span style=\"font-family: comic sans ms,sans-serif;\">Pustak siatkowy \u2013 9z\u0142<a href=\"https:\/\/tomekmachnet.wordpress.com\/wyroby-betonowe\/img_20171107_143152\/\" border=\"0\" itemprop=\"url\">\u00a0 <\/a><\/span><\/strong><\/li>\n<li style=\"text-align: center;\"><strong><span style=\"font-family: comic sans ms,sans-serif;\">Murek 240x20x6 \u2013 38z\u0142<\/span><\/strong><\/li>\n<li style=\"text-align: center;\"><strong><span style=\"font-family: comic sans ms,sans-serif;\">Murek 250x20x6 \u2013 40z\u0142<\/span><\/strong><\/li>\n<\/ul>\n<p><strong><span style=\"font-size: 14pt; font-family: comic sans ms,sans-serif;\">Pustaki ozdobne na zam\u00f3wienie<\/span>.<\/strong><\/p>\n<p>&nbsp;<\/p>\n<\/div>\n<div class=\"tiled-gallery-item tiled-gallery-item-small\" itemprop=\"associatedMedia\" itemscope=\"\" itemtype=\"http:\/\/schema.org\/ImageObject\"><a href=\"https:\/\/tomekmachnet.wordpress.com\/wyroby-betonowe\/img_20171107_143152\/\" border=\"0\" itemprop=\"url\">\u00a0<\/a><\/div>\n<\/div>\n<\/div>\n<\/div>\n<ul><\/ul>\n","protected":false},"excerpt":{"rendered":"<p>Oferujemy gotowe murki i pustaki do siatki i paneli. Osiowo\u015b\u0107 s\u0142upk\u00f3w siatkowych \u2013 258cm(+-1cm) dla murka 2,50m, Osiowo\u015b\u0107 s\u0142upk\u00f3w panelowych dla murka 2,40m \u2013 257cm (+-1cm). Zapewniamy transport kompletu materia\u0142\u00f3w. Pustak siatkowy \u2013 9z\u0142\u00a0 Murek<a class=\"moretag\" href=\"http:\/\/machnet.com.pl\/?page_id=101\"> Czytaj wi\u0119cej&hellip;<\/a><\/p>\n","protected":false},"author":1,"featured_media":0,"parent":0,"menu_order":4,"comment_status":"closed","ping_status":"closed","template":"page-templates\/template-fullwidth.php","meta":{"footnotes":""},"class_list":["post-101","page","type-page","status-publish","hentry"],"_links":{"self":[{"href":"http:\/\/machnet.com.pl\/index.php?rest_route=\/wp\/v2\/pages\/101","targetHints":{"allow":["GET"]}}],"collection":[{"href":"http:\/\/machnet.com.pl\/index.php?rest_route=\/wp\/v2\/pages"}],"about":[{"href":"http:\/\/machnet.com.pl\/index.php?rest_route=\/wp\/v2\/types\/page"}],"author":[{"embeddable":true,"href":"http:\/\/machnet.com.pl\/index.php?rest_route=\/wp\/v2\/users\/1"}],"replies":[{"embeddable":true,"href":"http:\/\/machnet.com.pl\/index.php?rest_route=%2Fwp%2Fv2%2Fcomments&post=101"}],"version-history":[{"count":17,"href":"http:\/\/machnet.com.pl\/index.php?rest_route=\/wp\/v2\/pages\/101\/revisions"}],"predecessor-version":[{"id":457,"href":"http:\/\/machnet.com.pl\/index.php?rest_route=\/wp\/v2\/pages\/101\/revisions\/457"}],"wp:attachment":[{"href":"http:\/\/machnet.com.pl\/index.php?rest_route=%2Fwp%2Fv2%2Fmedia&parent=101"}],"curies":[{"name":"wp","href":"https:\/\/api.w.org\/{rel}","templated":true}]}}